{"id":69,"date":"2014-12-27T10:58:27","date_gmt":"2014-12-27T09:58:27","guid":{"rendered":"http:\/\/www.jpjeunet.com\/?page_id=69"},"modified":"2021-05-12T12:55:25","modified_gmt":"2021-05-12T11:55:25","slug":"the-city-of-lost-children","status":"publish","type":"page","link":"https:\/\/www.jpjeunet.com\/GB\/filmography\/the-city-of-lost-children\/","title":{"rendered":"The City of Lost Children"},"content":{"rendered":"<div class=\"wpb-content-wrapper\"><p>[vc_row][vc_column][vc_single_image image=\u00a0\u00bb71&Prime; img_size=\u00a0\u00bbfull\u00a0\u00bb][\/vc_column][\/vc_row][vc_row css=\u00a0\u00bb.vc_custom_1420210975398{padding-top: 25px !important;padding-bottom: 15px !important;background-color: #393738 !important;}\u00a0\u00bb background_style=\u00a0\u00bbnormal\u00a0\u00bb][vc_column][vc_custom_heading text=\u00a0\u00bbThe City of Lost Children\u00a0\u00bb font_container=\u00a0\u00bbtag:h2|font_size:30|text_align:center|color:%23b5b2b1&Prime; google_fonts=\u00a0\u00bbfont_family:Lobster%3Aregular|font_style:400%20regular%3A400%3Anormal\u00a0\u00bb][\/vc_column][\/vc_row][vc_row background_style=\u00a0\u00bbnormal\u00a0\u00bb css=\u00a0\u00bb.vc_custom_1420210988852{background-color: #393738 !important;}\u00a0\u00bb][vc_column][vc_tabs][vc_tab title=\u00a0\u00bbSynopsis\u00a0\u00bb tab_id=\u00a0\u00bb1411919514-1-62a413-9d87&Prime;][vc_column_text css_animation=\u00a0\u00bbtop-to-bottom\u00a0\u00bb]<\/p>\n<p class=\"p1\" style=\"text-align: justify;\"><span style=\"color: #b5b2b1;\">Lost in the fog on an offshore platform, just past a watery mine field, the unhappy Krank is aging prematurely because he lacks one essential dimension: the ability to dream. So he kidnaps children from the nearby port city in order to steal their dreams\u2026<\/span><\/p>\n<p>[\/vc_column_text][\/vc_tab][vc_tab title=\u00a0\u00bbCredits\u00a0\u00bb tab_id=\u00a0\u00bb1411919578408-2-8a413-9d87&Prime;][vc_row_inner][vc_column_inner width=\u00a0\u00bb1\/2&Prime; font_color=\u00a0\u00bb#b5b2b1&Prime;][vc_column_text]<\/p>\n<p class=\"p1\"><span style=\"color: #b5b2b1;\">One <b>Ron Perlman<\/b><\/span><br \/>\n<span style=\"color: #b5b2b1;\"> Krank <b>Daniel Emilfork<\/b><\/span><br \/>\n<span style=\"color: #b5b2b1;\"> Miette <b>Judith Vittet<\/b><\/span><br \/>\n<span style=\"color: #b5b2b1;\"> The deep-sea diver\/The clones <b>Dominique Pinon<\/b><\/span><br \/>\n<span style=\"color: #b5b2b1;\"> Marcello the flea-tamer <b>Jean-Claude Dreyfus<\/b><\/span><br \/>\n<span style=\"color: #b5b2b1;\"> The octopus <b>Genevi\u00e8ve Brunet<\/b><\/span><br \/>\n<span style=\"color: #b5b2b1;\"> <b>and Odile Mallet<\/b><\/span><br \/>\n<span style=\"color: #b5b2b1;\"> Miss Bismuth <b>Mireille Moss\u00e9<\/b><\/span><br \/>\n<span style=\"color: #b5b2b1;\"> Cyclops leader <b>Serge Merlin<\/b><\/span><br \/>\n<span style=\"color: #b5b2b1;\"> The killer <b>Fran\u00e7ois Hadji-Lazaro<\/b><\/span><br \/>\n<span style=\"color: #b5b2b1;\"> The peeler <b>Rufus<\/b><\/span><br \/>\n<span style=\"color: #b5b2b1;\"> The ex-acrobat <b>Ticky Holgado<\/b><\/span><br \/>\n<span style=\"color: #b5b2b1;\"> Irvin\u2019s voice <b>Jean-Louis Trintignant<\/b><\/span><br \/>\n<span style=\"color: #b5b2b1;\"> Bogdan <b>Dominique Bettenfeld<\/b><\/span><br \/>\n<span style=\"color: #b5b2b1;\"> Melchior <b>Lotfi Yahyajedidi<\/b><\/span><br \/>\n<span style=\"color: #b5b2b1;\"> Brutus T<b>hierry Gibault<\/b><\/span><br \/>\n<span style=\"color: #b5b2b1;\"> Brother Ange-Joseph <b>Marc Caro<\/b><\/span><br \/>\n<span style=\"color: #b5b2b1;\"> Lune <b>Mapi Galan<\/b><\/span><br \/>\n<span style=\"color: #b5b2b1;\"> Bottle <b>Briac Barthelemy<\/b><\/span><br \/>\n<span style=\"color: #b5b2b1;\"> Tadpole <b>Alexis Pivot<\/b><\/span><br \/>\n<span style=\"color: #b5b2b1;\"> Jeannot<b> Leo Rubion<\/b><\/span><br \/>\n<span style=\"color: #b5b2b1;\"> Pipo <b>Pierre Quentin-Faesch<\/b><\/span><br \/>\n<span style=\"color: #b5b2b1;\"> Denree<b> Joseph Lucien<\/b><\/span><br \/>\n<span style=\"color: #b5b2b1;\"> First child <b>Guillaume Billod-Morel<\/b><\/span><br \/>\n<span style=\"color: #b5b2b1;\"> The tattoo artist <b>Ham-Chau Luong<\/b><\/span><br \/>\n<span style=\"color: #b5b2b1;\"> The tattoo artist\u2019s wife\u00a0<b>Hong-Mai Thomas<\/b><\/span><br \/>\n<span style=\"color: #b5b2b1;\"> A Cyclops <b>Daniel Adric<\/b><\/span><br \/>\n<span style=\"color: #b5b2b1;\"> The barmaid <b>Frankie Pain<\/b><\/span><br \/>\n<span style=\"color: #b5b2b1;\"> The Spaniard <b>Enrique Villanueva<\/b><\/span><br \/>\n<span style=\"color: #b5b2b1;\"> Father Christmas <b>Chris Huerta<\/b><\/span><\/p>\n<p>[\/vc_column_text][\/vc_column_inner][vc_column_inner width=\u00a0\u00bb1\/2&Prime; font_color=\u00a0\u00bb#b5b2b1&Prime;][vc_column_text]<\/p>\n<p class=\"p1\"><span style=\"color: #b5b2b1;\">Artistic director <b>Marc Caro<\/b><\/span><br \/>\n<span style=\"color: #b5b2b1;\"> Director <b>Jean-Pierre Jeunet<\/b><\/span><br \/>\n<span style=\"color: #b5b2b1;\"> Producer <b>Claudie Ossard<\/b><\/span><br \/>\n<span style=\"color: #b5b2b1;\"> Set design <b>Jean Rabasse<\/b><\/span><br \/>\n<span style=\"color: #b5b2b1;\"> Assistant set designer <b>Aline Bonetto<\/b><\/span><br \/>\n<span style=\"color: #b5b2b1;\"> Costumes <b>Jean-Paul Gaultier<\/b><\/span><br \/>\n<span style=\"color: #b5b2b1;\"> Director of photography<b> Darius Khondji (A.F.C.)<\/b><\/span><br \/>\n<span style=\"color: #b5b2b1;\"> Screenplay <b>Gilles Adrien<\/b><\/span><br \/>\n<span style=\"color: #b5b2b1;\"> <b>Jean-Pierre Jeunet<\/b><\/span><br \/>\n<span style=\"color: #b5b2b1;\"> <b>Marc Caro<\/b><\/span><br \/>\n<span style=\"color: #b5b2b1;\"> Dialogue <b>Gilles Adrien<\/b><\/span><br \/>\n<span style=\"color: #b5b2b1;\"> 1st\u00a0assistant director <b>Jean-Marc Tostivint<\/b><\/span><br \/>\n<span style=\"color: #b5b2b1;\"> Special effects <b>Yves Domenjoud<\/b><\/span><br \/>\n<span style=\"color: #b5b2b1;\"> <b>Jean-Baptiste Bonetto<\/b><\/span><br \/>\n<span style=\"color: #b5b2b1;\"> <b>Olivier Gleyze<\/b><\/span><br \/>\n<span style=\"color: #b5b2b1;\"> <b>Jean-Christophe Spadaccini<\/b><\/span><br \/>\n<span style=\"color: #b5b2b1;\"> Makeup <b>Nathalie Tissier<\/b><\/span><br \/>\n<span style=\"color: #b5b2b1;\"> Hair <b>John Nollet<\/b><\/span><br \/>\n<span style=\"color: #b5b2b1;\"> Digital special effects <b>Pitof \/ Duboi<\/b><\/span><br \/>\n<span style=\"color: #b5b2b1;\"> Computerized images <b>Pierre Buffin \/ Buf Cie<\/b><\/span><br \/>\n<span style=\"color: #b5b2b1;\"> Sound <b>Pierre Excoffier<\/b><\/span><br \/>\n<span style=\"color: #b5b2b1;\"> <b>G\u00e9rard Hardy<\/b><\/span><br \/>\n<span style=\"color: #b5b2b1;\"> Editor <b>Herv\u00e9 Schneid<\/b><\/span><br \/>\n<span style=\"color: #b5b2b1;\"> Mixer <b>Vincent Arnardi<\/b><\/span><br \/>\n<span style=\"color: #b5b2b1;\"> <b>Thierry Lebon<\/b><\/span><br \/>\n<span style=\"color: #b5b2b1;\"> Line producer <b>Daniel Szuster<\/b><\/span><br \/>\n<span style=\"color: #b5b2b1;\"> Production administrator <b>Arlette Mas<\/b><\/span><br \/>\n<span style=\"color: #b5b2b1;\"> Casting director <b>Pierre-Jacques Benichou<\/b><\/span><br \/>\n<span style=\"color: #b5b2b1;\"> Still photographer <b>Eric Caro<\/b><\/span><br \/>\n<span style=\"color: #b5b2b1;\"> Original soundtrack <b>Angelo Badalamenti<\/b><\/span><\/p>\n<p>[\/vc_column_text][\/vc_column_inner][\/vc_row_inner][\/vc_tab][vc_tab title=\u00a0\u00bbTrailer\u00a0\u00bb tab_id=\u00a0\u00bb1411919514-2-27a413-9d87&Prime;][vc_video link=\u00a0\u00bbhttp:\/\/vimeo.com\/26623561&Prime;][\/vc_tab][\/vc_tabs][\/vc_column][\/vc_row]<\/p>\n<\/div>","protected":false},"excerpt":{"rendered":"<p>[vc_row][vc_column][vc_single_image image=\u00a0\u00bb71&Prime; img_size=\u00a0\u00bbfull\u00a0\u00bb][\/vc_column][\/vc_row][vc_row css=\u00a0\u00bb.vc_custom_1420210975398{padding-top: 25px !important;padding-bottom: 15px !important;background-color: #393738 !important;}\u00a0\u00bb background_style=\u00a0\u00bbnormal\u00a0\u00bb][vc_column][vc_custom_heading text=\u00a0\u00bbThe City of Lost Children\u00a0\u00bb font_container=\u00a0\u00bbtag:h2|font_size:30|text_align:center|color:%23b5b2b1&Prime; google_fonts=\u00a0\u00bbfont_family:Lobster%3Aregular|font_style:400%20regular%3A400%3Anormal\u00a0\u00bb][\/vc_column][\/vc_row][vc_row background_style=\u00a0\u00bbnormal\u00a0\u00bb css=\u00a0\u00bb.vc_custom_1420210988852{background-color: #393738 !important;}\u00a0\u00bb][vc_column][vc_tabs][vc_tab title=\u00a0\u00bbSynopsis\u00a0\u00bb tab_id=\u00a0\u00bb1411919514-1-62a413-9d87&Prime;][vc_column_text css_animation=\u00a0\u00bbtop-to-bottom\u00a0\u00bb] Lost in the fog on an offshore platform, just past a watery mine field, the unhappy Krank is aging prematurely because he lacks one essential dimension: the ability to dream. [&hellip;]<\/p>\n","protected":false},"author":1,"featured_media":0,"parent":8,"menu_order":3,"comment_status":"open","ping_status":"open","template":"page-full.php","meta":{"footnotes":"","_links_to":"","_links_to_target":""},"class_list":["post-69","page","type-page","status-publish","hentry"],"yoast_head":"<!-- This site is optimized with the Yoast SEO plugin v25.2 - https:\/\/yoast.com\/wordpress\/plugins\/seo\/ -->\n<title>Jean-Pierre Jeunet (site officiel), La Cit\u00e9 des enfants perdus<\/title>\n<meta name=\"description\" content=\"Toutes les infos sur le film La Cit\u00e9 des enfants perdus de Jean-Pierre Jeunet : bande annonce, synopsis, g\u00e9n\u00e9rique...\" \/>\n<meta name=\"robots\" content=\"index, follow, max-snippet:-1, max-image-preview:large, max-video-preview:-1\" \/>\n<link rel=\"canonical\" href=\"https:\/\/www.jpjeunet.com\/GB\/filmography\/the-city-of-lost-children\/\" \/>\n<meta property=\"og:locale\" content=\"fr_FR\" \/>\n<meta property=\"og:type\" content=\"article\" \/>\n<meta property=\"og:title\" content=\"Jean-Pierre Jeunet (site officiel), La Cit\u00e9 des enfants perdus\" \/>\n<meta property=\"og:description\" content=\"Toutes les infos sur le film La Cit\u00e9 des enfants perdus de Jean-Pierre Jeunet : bande annonce, synopsis, g\u00e9n\u00e9rique...\" \/>\n<meta property=\"og:url\" content=\"https:\/\/www.jpjeunet.com\/GB\/filmography\/the-city-of-lost-children\/\" \/>\n<meta property=\"og:site_name\" content=\"Jean-Pierre Jeunet\" \/>\n<meta property=\"article:modified_time\" content=\"2021-05-12T11:55:25+00:00\" \/>\n<meta name=\"twitter:label1\" content=\"Dur\u00e9e de lecture estim\u00e9e\" \/>\n\t<meta name=\"twitter:data1\" content=\"2 minutes\" \/>\n<script type=\"application\/ld+json\" class=\"yoast-schema-graph\">{\"@context\":\"https:\/\/schema.org\",\"@graph\":[{\"@type\":\"WebPage\",\"@id\":\"https:\/\/www.jpjeunet.com\/GB\/filmography\/the-city-of-lost-children\/\",\"url\":\"https:\/\/www.jpjeunet.com\/GB\/filmography\/the-city-of-lost-children\/\",\"name\":\"Jean-Pierre Jeunet (site officiel), La Cit\u00e9 des enfants perdus\",\"isPartOf\":{\"@id\":\"https:\/\/www.jpjeunet.com\/GB\/#website\"},\"datePublished\":\"2014-12-27T09:58:27+00:00\",\"dateModified\":\"2021-05-12T11:55:25+00:00\",\"description\":\"Toutes les infos sur le film La Cit\u00e9 des enfants perdus de Jean-Pierre Jeunet : bande annonce, synopsis, g\u00e9n\u00e9rique...\",\"breadcrumb\":{\"@id\":\"https:\/\/www.jpjeunet.com\/GB\/filmography\/the-city-of-lost-children\/#breadcrumb\"},\"inLanguage\":\"fr-FR\",\"potentialAction\":[{\"@type\":\"ReadAction\",\"target\":[\"https:\/\/www.jpjeunet.com\/GB\/filmography\/the-city-of-lost-children\/\"]}]},{\"@type\":\"BreadcrumbList\",\"@id\":\"https:\/\/www.jpjeunet.com\/GB\/filmography\/the-city-of-lost-children\/#breadcrumb\",\"itemListElement\":[{\"@type\":\"ListItem\",\"position\":1,\"name\":\"Accueil\",\"item\":\"https:\/\/www.jpjeunet.com\/GB\/\"},{\"@type\":\"ListItem\",\"position\":2,\"name\":\"Filmography\",\"item\":\"http:\/\/www.jpjeunet.com\/GB\/filmography\/delicatessen\/\"},{\"@type\":\"ListItem\",\"position\":3,\"name\":\"The City of Lost Children\"}]},{\"@type\":\"WebSite\",\"@id\":\"https:\/\/www.jpjeunet.com\/GB\/#website\",\"url\":\"https:\/\/www.jpjeunet.com\/GB\/\",\"name\":\"Jean-Pierre Jeunet\",\"description\":\"Official website\",\"potentialAction\":[{\"@type\":\"SearchAction\",\"target\":{\"@type\":\"EntryPoint\",\"urlTemplate\":\"https:\/\/www.jpjeunet.com\/GB\/?s={search_term_string}\"},\"query-input\":{\"@type\":\"PropertyValueSpecification\",\"valueRequired\":true,\"valueName\":\"search_term_string\"}}],\"inLanguage\":\"fr-FR\"}]}<\/script>\n<!-- \/ Yoast SEO plugin. -->","yoast_head_json":{"title":"Jean-Pierre Jeunet (site officiel), La Cit\u00e9 des enfants perdus","description":"Toutes les infos sur le film La Cit\u00e9 des enfants perdus de Jean-Pierre Jeunet : bande annonce, synopsis, g\u00e9n\u00e9rique...","robots":{"index":"index","follow":"follow","max-snippet":"max-snippet:-1","max-image-preview":"max-image-preview:large","max-video-preview":"max-video-preview:-1"},"canonical":"https:\/\/www.jpjeunet.com\/GB\/filmography\/the-city-of-lost-children\/","og_locale":"fr_FR","og_type":"article","og_title":"Jean-Pierre Jeunet (site officiel), La Cit\u00e9 des enfants perdus","og_description":"Toutes les infos sur le film La Cit\u00e9 des enfants perdus de Jean-Pierre Jeunet : bande annonce, synopsis, g\u00e9n\u00e9rique...","og_url":"https:\/\/www.jpjeunet.com\/GB\/filmography\/the-city-of-lost-children\/","og_site_name":"Jean-Pierre Jeunet","article_modified_time":"2021-05-12T11:55:25+00:00","twitter_misc":{"Dur\u00e9e de lecture estim\u00e9e":"2 minutes"},"schema":{"@context":"https:\/\/schema.org","@graph":[{"@type":"WebPage","@id":"https:\/\/www.jpjeunet.com\/GB\/filmography\/the-city-of-lost-children\/","url":"https:\/\/www.jpjeunet.com\/GB\/filmography\/the-city-of-lost-children\/","name":"Jean-Pierre Jeunet (site officiel), La Cit\u00e9 des enfants perdus","isPartOf":{"@id":"https:\/\/www.jpjeunet.com\/GB\/#website"},"datePublished":"2014-12-27T09:58:27+00:00","dateModified":"2021-05-12T11:55:25+00:00","description":"Toutes les infos sur le film La Cit\u00e9 des enfants perdus de Jean-Pierre Jeunet : bande annonce, synopsis, g\u00e9n\u00e9rique...","breadcrumb":{"@id":"https:\/\/www.jpjeunet.com\/GB\/filmography\/the-city-of-lost-children\/#breadcrumb"},"inLanguage":"fr-FR","potentialAction":[{"@type":"ReadAction","target":["https:\/\/www.jpjeunet.com\/GB\/filmography\/the-city-of-lost-children\/"]}]},{"@type":"BreadcrumbList","@id":"https:\/\/www.jpjeunet.com\/GB\/filmography\/the-city-of-lost-children\/#breadcrumb","itemListElement":[{"@type":"ListItem","position":1,"name":"Accueil","item":"https:\/\/www.jpjeunet.com\/GB\/"},{"@type":"ListItem","position":2,"name":"Filmography","item":"http:\/\/www.jpjeunet.com\/GB\/filmography\/delicatessen\/"},{"@type":"ListItem","position":3,"name":"The City of Lost Children"}]},{"@type":"WebSite","@id":"https:\/\/www.jpjeunet.com\/GB\/#website","url":"https:\/\/www.jpjeunet.com\/GB\/","name":"Jean-Pierre Jeunet","description":"Official website","potentialAction":[{"@type":"SearchAction","target":{"@type":"EntryPoint","urlTemplate":"https:\/\/www.jpjeunet.com\/GB\/?s={search_term_string}"},"query-input":{"@type":"PropertyValueSpecification","valueRequired":true,"valueName":"search_term_string"}}],"inLanguage":"fr-FR"}]}},"_links":{"self":[{"href":"https:\/\/www.jpjeunet.com\/GB\/wp-json\/wp\/v2\/pages\/69","targetHints":{"allow":["GET"]}}],"collection":[{"href":"https:\/\/www.jpjeunet.com\/GB\/wp-json\/wp\/v2\/pages"}],"about":[{"href":"https:\/\/www.jpjeunet.com\/GB\/wp-json\/wp\/v2\/types\/page"}],"author":[{"embeddable":true,"href":"https:\/\/www.jpjeunet.com\/GB\/wp-json\/wp\/v2\/users\/1"}],"replies":[{"embeddable":true,"href":"https:\/\/www.jpjeunet.com\/GB\/wp-json\/wp\/v2\/comments?post=69"}],"version-history":[{"count":12,"href":"https:\/\/www.jpjeunet.com\/GB\/wp-json\/wp\/v2\/pages\/69\/revisions"}],"predecessor-version":[{"id":1568,"href":"https:\/\/www.jpjeunet.com\/GB\/wp-json\/wp\/v2\/pages\/69\/revisions\/1568"}],"up":[{"embeddable":true,"href":"https:\/\/www.jpjeunet.com\/GB\/wp-json\/wp\/v2\/pages\/8"}],"wp:attachment":[{"href":"https:\/\/www.jpjeunet.com\/GB\/wp-json\/wp\/v2\/media?parent=69"}],"curies":[{"name":"wp","href":"https:\/\/api.w.org\/{rel}","templated":true}]}}