{"id":700,"date":"2014-12-27T18:39:56","date_gmt":"2014-12-27T17:39:56","guid":{"rendered":"http:\/\/www.jpjeunet.com\/?page_id=700"},"modified":"2021-05-12T13:05:56","modified_gmt":"2021-05-12T12:05:56","slug":"marc-caro","status":"publish","type":"page","link":"https:\/\/www.jpjeunet.com\/GB\/team\/marc-caro\/","title":{"rendered":"Marc Caro"},"content":{"rendered":"<div class=\"wpb-content-wrapper\"><p>[vc_row][vc_column][vc_single_image image=\u00a0\u00bb1070&Prime; img_size=\u00a0\u00bbfull\u00a0\u00bb][\/vc_column][\/vc_row][vc_row css=\u00a0\u00bb.vc_custom_1419947172005{padding-top: 30px !important;padding-bottom: 40px !important;background-color: #393738 !important;}\u00a0\u00bb background_style=\u00a0\u00bbnormal\u00a0\u00bb][vc_column]    \r\n    <div class=\"title_subtitle\" style=\"text-align:center\">\r\n        <h3 style=\"color:#b5b2b1 !important; font-size:36px\">Marc Caro<\/h3>\r\n        <hr class=\"title_subtitle_separator\" style=\"border-bottom-color:#b5b2b1\"><\/hr>        <h4 style=\"color:#8f8d8d !important; font-size:17px\">Marc Caro is originally an illustrator. He created a number of comic strips with the screenwriter Gilles Adrien. He has also created illustrations, graphics and infographics for both French and international magazines, as well as posters, story-boards, scenographics, costumes, masks, film sets, shows\u2026 He met Jean-Pierre Jeunet in 1974 at the Festival d\u2019Annecy and chose to shoot several animated films with him, for which he created many marionettes.<\/h4>    <\/div>\r\n\r\n\t[\/vc_column][\/vc_row][vc_row css=\u00a0\u00bb.vc_custom_1419946567051{background-color: #393738 !important;}\u00a0\u00bb background_style=\u00a0\u00bbnormal\u00a0\u00bb][vc_column width=\u00a0\u00bb1\/3&Prime;][vc_column_text]<\/p>\n<p class=\"p1\"><span style=\"color: #b5b2b1;\"><b>Director<\/b><\/span><\/p>\n<p class=\"p1\"><span style=\"color: #b5b2b1;\"><b>Astroboy \u00e0 Roboland <\/b>(projet)<\/span><br \/>\n<span style=\"color: #b5b2b1;\"> <b>Dante 01<\/b> (2008)<\/span><br \/>\n<span style=\"color: #b5b2b1;\"> <b>Exercice of steele<\/b> (TV) (1998)<\/span><br \/>\n<span style=\"color: #b5b2b1;\"> <b>La Cit\u00e9 des enfants perdus<\/b> (1995)<\/span><br \/>\n<span style=\"color: #b5b2b1;\"> <b>KO Kid<\/b> (1993)<\/span><br \/>\n<span style=\"color: #b5b2b1;\"> <b>Delicatessen<\/b> (1991)<\/span><br \/>\n<span style=\"color: #b5b2b1;\"> <b>Le Cirque Conf\u00e9rence<\/b> (1989)<\/span><br \/>\n<span style=\"color: #b5b2b1;\"> <b>M\u00e9li\u00e8s 88 : le topologue <\/b>(TV) (1988)<\/span><br \/>\n<span style=\"color: #b5b2b1;\"> <b>La concierge dans l\u2019escalier <\/b>(1987)<\/span><br \/>\n<span style=\"color: #b5b2b1;\"> <b>Le d\u00e9fil\u00e9 <\/b>(1986)<\/span><br \/>\n<span style=\"color: #b5b2b1;\"> <b>Rude Raid<\/b> (1985)<\/span><br \/>\n<span style=\"color: #b5b2b1;\"> <b>Ma\u00eetre Cube <\/b>(1985)<\/span><br \/>\n<span style=\"color: #b5b2b1;\"> <b>Le Bunker de la derni\u00e8re rafale <\/b>(1981)<\/span><\/p>\n<p>[\/vc_column_text][\/vc_column][vc_column width=\u00a0\u00bb1\/3&Prime;][vc_column_text]<\/p>\n<p class=\"p1\"><span style=\"color: #b5b2b1;\"><b>Actor<\/b><\/span><\/p>\n<p class=\"p1\"><span style=\"color: #b5b2b1;\"><b>Traitement de substitution n\u00b04 <\/b>(2002)<\/span><br \/>\n<span style=\"color: #b5b2b1;\">by\u00a0Kiki Picasso<\/span><br \/>\n<span style=\"color: #b5b2b1;\"> <b>Dobermann<\/b> (1997)<\/span><br \/>\n<span style=\"color: #b5b2b1;\">by\u00a0Jan Kounen<\/span><br \/>\n<span style=\"color: #b5b2b1;\"> <b>Le dernier chaperon rouge <\/b>(1996)<\/span><br \/>\n<span style=\"color: #b5b2b1;\">by\u00a0Jan Kounen<\/span><br \/>\n<span style=\"color: #b5b2b1;\"> <b>Je suis ton ch\u00e2timent<\/b> (1995)<\/span><br \/>\n<span style=\"color: #b5b2b1;\">by\u00a0Guillaume Breaud<\/span><br \/>\n<span style=\"color: #b5b2b1;\"> <b>Temps mort autour de Caro et Jeunet<\/b> (TV) (1995)<\/span><br \/>\n<span style=\"color: #b5b2b1;\">by\u00a0Emmanuel Carlier<\/span><br \/>\n<span style=\"color: #b5b2b1;\"> <b>Delicatessen<\/b> (1991)<\/span><br \/>\n<span style=\"color: #b5b2b1;\">by\u00a0Jeunet et Caro<\/span><br \/>\n<span style=\"color: #b5b2b1;\"> <b>Pas de repos pour Billy Barkko <\/b>(1983)<\/span><br \/>\n<span style=\"color: #b5b2b1;\">by\u00a0Jean-Pierre Jeunet<\/span><br \/>\n<span style=\"color: #b5b2b1;\"> <b>Le Bunker de la derni\u00e8re rafale <\/b>(1981)<\/span><br \/>\n<span style=\"color: #b5b2b1;\">by\u00a0Jean-Pierre Jeunet<\/span><\/p>\n<p>[\/vc_column_text][\/vc_column][vc_column width=\u00a0\u00bb1\/3&Prime;][vc_widget_sidebar sidebar_id=\u00a0\u00bbsidebar\u00a0\u00bb][\/vc_column][\/vc_row]<\/p>\n<\/div>","protected":false},"excerpt":{"rendered":"<p>[vc_row][vc_column][vc_single_image image=\u00a0\u00bb1070&Prime; img_size=\u00a0\u00bbfull\u00a0\u00bb][\/vc_column][\/vc_row][vc_row css=\u00a0\u00bb.vc_custom_1419947172005{padding-top: 30px !important;padding-bottom: 40px !important;background-color: #393738 !important;}\u00a0\u00bb background_style=\u00a0\u00bbnormal\u00a0\u00bb][vc_column][\/vc_column][\/vc_row][vc_row css=\u00a0\u00bb.vc_custom_1419946567051{background-color: #393738 !important;}\u00a0\u00bb background_style=\u00a0\u00bbnormal\u00a0\u00bb][vc_column width=\u00a0\u00bb1\/3&Prime;][vc_column_text] Director Astroboy \u00e0 Roboland (projet) Dante 01 (2008) Exercice of steele (TV) (1998) La Cit\u00e9 des enfants perdus (1995) KO Kid (1993) Delicatessen (1991) Le Cirque Conf\u00e9rence (1989) M\u00e9li\u00e8s 88 : le topologue (TV) (1988) La concierge dans l\u2019escalier [&hellip;]<\/p>\n","protected":false},"author":1,"featured_media":0,"parent":600,"menu_order":0,"comment_status":"open","ping_status":"open","template":"page-full.php","meta":{"footnotes":"","_links_to":"","_links_to_target":""},"class_list":["post-700","page","type-page","status-publish","hentry"],"yoast_head":"<!-- This site is optimized with the Yoast SEO plugin v25.2 - https:\/\/yoast.com\/wordpress\/plugins\/seo\/ -->\n<title>Marc Caro - Jean-Pierre Jeunet<\/title>\n<meta name=\"robots\" content=\"index, follow, max-snippet:-1, max-image-preview:large, max-video-preview:-1\" \/>\n<link rel=\"canonical\" href=\"https:\/\/www.jpjeunet.com\/GB\/team\/marc-caro\/\" \/>\n<meta property=\"og:locale\" content=\"fr_FR\" \/>\n<meta property=\"og:type\" content=\"article\" \/>\n<meta property=\"og:title\" content=\"Marc Caro - Jean-Pierre Jeunet\" \/>\n<meta property=\"og:description\" content=\"[vc_row][vc_column][vc_single_image image=\u00a0\u00bb1070&Prime; img_size=\u00a0\u00bbfull\u00a0\u00bb][\/vc_column][\/vc_row][vc_row css=\u00a0\u00bb.vc_custom_1419947172005{padding-top: 30px !important;padding-bottom: 40px !important;background-color: #393738 !important;}\u00a0\u00bb background_style=\u00a0\u00bbnormal\u00a0\u00bb][vc_column][\/vc_column][\/vc_row][vc_row css=\u00a0\u00bb.vc_custom_1419946567051{background-color: #393738 !important;}\u00a0\u00bb background_style=\u00a0\u00bbnormal\u00a0\u00bb][vc_column width=\u00a0\u00bb1\/3&Prime;][vc_column_text] Director Astroboy \u00e0 Roboland (projet) Dante 01 (2008) Exercice of steele (TV) (1998) La Cit\u00e9 des enfants perdus (1995) KO Kid (1993) Delicatessen (1991) Le Cirque Conf\u00e9rence (1989) M\u00e9li\u00e8s 88 : le topologue (TV) (1988) La concierge dans l\u2019escalier [&hellip;]\" \/>\n<meta property=\"og:url\" content=\"https:\/\/www.jpjeunet.com\/GB\/team\/marc-caro\/\" \/>\n<meta property=\"og:site_name\" content=\"Jean-Pierre Jeunet\" \/>\n<meta property=\"article:modified_time\" content=\"2021-05-12T12:05:56+00:00\" \/>\n<meta name=\"twitter:label1\" content=\"Dur\u00e9e de lecture estim\u00e9e\" \/>\n\t<meta name=\"twitter:data1\" content=\"1 minute\" \/>\n<script type=\"application\/ld+json\" class=\"yoast-schema-graph\">{\"@context\":\"https:\/\/schema.org\",\"@graph\":[{\"@type\":\"WebPage\",\"@id\":\"https:\/\/www.jpjeunet.com\/GB\/team\/marc-caro\/\",\"url\":\"https:\/\/www.jpjeunet.com\/GB\/team\/marc-caro\/\",\"name\":\"Marc Caro - Jean-Pierre Jeunet\",\"isPartOf\":{\"@id\":\"https:\/\/www.jpjeunet.com\/GB\/#website\"},\"datePublished\":\"2014-12-27T17:39:56+00:00\",\"dateModified\":\"2021-05-12T12:05:56+00:00\",\"breadcrumb\":{\"@id\":\"https:\/\/www.jpjeunet.com\/GB\/team\/marc-caro\/#breadcrumb\"},\"inLanguage\":\"fr-FR\",\"potentialAction\":[{\"@type\":\"ReadAction\",\"target\":[\"https:\/\/www.jpjeunet.com\/GB\/team\/marc-caro\/\"]}]},{\"@type\":\"BreadcrumbList\",\"@id\":\"https:\/\/www.jpjeunet.com\/GB\/team\/marc-caro\/#breadcrumb\",\"itemListElement\":[{\"@type\":\"ListItem\",\"position\":1,\"name\":\"Accueil\",\"item\":\"https:\/\/www.jpjeunet.com\/GB\/\"},{\"@type\":\"ListItem\",\"position\":2,\"name\":\"Team\",\"item\":\"http:\/\/www.jpjeunet.com\/GB\/team\/vincent-arnardi\/\"},{\"@type\":\"ListItem\",\"position\":3,\"name\":\"Marc Caro\"}]},{\"@type\":\"WebSite\",\"@id\":\"https:\/\/www.jpjeunet.com\/GB\/#website\",\"url\":\"https:\/\/www.jpjeunet.com\/GB\/\",\"name\":\"Jean-Pierre Jeunet\",\"description\":\"Official website\",\"potentialAction\":[{\"@type\":\"SearchAction\",\"target\":{\"@type\":\"EntryPoint\",\"urlTemplate\":\"https:\/\/www.jpjeunet.com\/GB\/?s={search_term_string}\"},\"query-input\":{\"@type\":\"PropertyValueSpecification\",\"valueRequired\":true,\"valueName\":\"search_term_string\"}}],\"inLanguage\":\"fr-FR\"}]}<\/script>\n<!-- \/ Yoast SEO plugin. -->","yoast_head_json":{"title":"Marc Caro - Jean-Pierre Jeunet","robots":{"index":"index","follow":"follow","max-snippet":"max-snippet:-1","max-image-preview":"max-image-preview:large","max-video-preview":"max-video-preview:-1"},"canonical":"https:\/\/www.jpjeunet.com\/GB\/team\/marc-caro\/","og_locale":"fr_FR","og_type":"article","og_title":"Marc Caro - Jean-Pierre Jeunet","og_description":"[vc_row][vc_column][vc_single_image image=\u00a0\u00bb1070&Prime; img_size=\u00a0\u00bbfull\u00a0\u00bb][\/vc_column][\/vc_row][vc_row css=\u00a0\u00bb.vc_custom_1419947172005{padding-top: 30px !important;padding-bottom: 40px !important;background-color: #393738 !important;}\u00a0\u00bb background_style=\u00a0\u00bbnormal\u00a0\u00bb][vc_column][\/vc_column][\/vc_row][vc_row css=\u00a0\u00bb.vc_custom_1419946567051{background-color: #393738 !important;}\u00a0\u00bb background_style=\u00a0\u00bbnormal\u00a0\u00bb][vc_column width=\u00a0\u00bb1\/3&Prime;][vc_column_text] Director Astroboy \u00e0 Roboland (projet) Dante 01 (2008) Exercice of steele (TV) (1998) La Cit\u00e9 des enfants perdus (1995) KO Kid (1993) Delicatessen (1991) Le Cirque Conf\u00e9rence (1989) M\u00e9li\u00e8s 88 : le topologue (TV) (1988) La concierge dans l\u2019escalier [&hellip;]","og_url":"https:\/\/www.jpjeunet.com\/GB\/team\/marc-caro\/","og_site_name":"Jean-Pierre Jeunet","article_modified_time":"2021-05-12T12:05:56+00:00","twitter_misc":{"Dur\u00e9e de lecture estim\u00e9e":"1 minute"},"schema":{"@context":"https:\/\/schema.org","@graph":[{"@type":"WebPage","@id":"https:\/\/www.jpjeunet.com\/GB\/team\/marc-caro\/","url":"https:\/\/www.jpjeunet.com\/GB\/team\/marc-caro\/","name":"Marc Caro - Jean-Pierre Jeunet","isPartOf":{"@id":"https:\/\/www.jpjeunet.com\/GB\/#website"},"datePublished":"2014-12-27T17:39:56+00:00","dateModified":"2021-05-12T12:05:56+00:00","breadcrumb":{"@id":"https:\/\/www.jpjeunet.com\/GB\/team\/marc-caro\/#breadcrumb"},"inLanguage":"fr-FR","potentialAction":[{"@type":"ReadAction","target":["https:\/\/www.jpjeunet.com\/GB\/team\/marc-caro\/"]}]},{"@type":"BreadcrumbList","@id":"https:\/\/www.jpjeunet.com\/GB\/team\/marc-caro\/#breadcrumb","itemListElement":[{"@type":"ListItem","position":1,"name":"Accueil","item":"https:\/\/www.jpjeunet.com\/GB\/"},{"@type":"ListItem","position":2,"name":"Team","item":"http:\/\/www.jpjeunet.com\/GB\/team\/vincent-arnardi\/"},{"@type":"ListItem","position":3,"name":"Marc Caro"}]},{"@type":"WebSite","@id":"https:\/\/www.jpjeunet.com\/GB\/#website","url":"https:\/\/www.jpjeunet.com\/GB\/","name":"Jean-Pierre Jeunet","description":"Official website","potentialAction":[{"@type":"SearchAction","target":{"@type":"EntryPoint","urlTemplate":"https:\/\/www.jpjeunet.com\/GB\/?s={search_term_string}"},"query-input":{"@type":"PropertyValueSpecification","valueRequired":true,"valueName":"search_term_string"}}],"inLanguage":"fr-FR"}]}},"_links":{"self":[{"href":"https:\/\/www.jpjeunet.com\/GB\/wp-json\/wp\/v2\/pages\/700","targetHints":{"allow":["GET"]}}],"collection":[{"href":"https:\/\/www.jpjeunet.com\/GB\/wp-json\/wp\/v2\/pages"}],"about":[{"href":"https:\/\/www.jpjeunet.com\/GB\/wp-json\/wp\/v2\/types\/page"}],"author":[{"embeddable":true,"href":"https:\/\/www.jpjeunet.com\/GB\/wp-json\/wp\/v2\/users\/1"}],"replies":[{"embeddable":true,"href":"https:\/\/www.jpjeunet.com\/GB\/wp-json\/wp\/v2\/comments?post=700"}],"version-history":[{"count":7,"href":"https:\/\/www.jpjeunet.com\/GB\/wp-json\/wp\/v2\/pages\/700\/revisions"}],"predecessor-version":[{"id":1578,"href":"https:\/\/www.jpjeunet.com\/GB\/wp-json\/wp\/v2\/pages\/700\/revisions\/1578"}],"up":[{"embeddable":true,"href":"https:\/\/www.jpjeunet.com\/GB\/wp-json\/wp\/v2\/pages\/600"}],"wp:attachment":[{"href":"https:\/\/www.jpjeunet.com\/GB\/wp-json\/wp\/v2\/media?parent=700"}],"curies":[{"name":"wp","href":"https:\/\/api.w.org\/{rel}","templated":true}]}}