{"id":702,"date":"2014-12-27T18:40:19","date_gmt":"2014-12-27T17:40:19","guid":{"rendered":"http:\/\/www.jpjeunet.com\/?page_id=702"},"modified":"2021-05-12T13:01:35","modified_gmt":"2021-05-12T12:01:35","slug":"alain-carsoux","status":"publish","type":"page","link":"https:\/\/www.jpjeunet.com\/GB\/team\/alain-carsoux\/","title":{"rendered":"Alain Carsoux"},"content":{"rendered":"<div class=\"wpb-content-wrapper\"><p>[vc_row][vc_column][vc_single_image image=\u00a0\u00bb1079&Prime; img_size=\u00a0\u00bbfull\u00a0\u00bb][\/vc_column][\/vc_row][vc_row css=\u00a0\u00bb.vc_custom_1419947172005{padding-top: 30px !important;padding-bottom: 40px !important;background-color: #393738 !important;}\u00a0\u00bb background_style=\u00a0\u00bbnormal\u00a0\u00bb][vc_column]    \r\n    <div class=\"title_subtitle\" style=\"text-align:center\">\r\n        <h3 style=\"color:#b5b2b1 !important; font-size:36px\">Alain carsoux<\/h3>\r\n        <hr class=\"title_subtitle_separator\" style=\"border-bottom-color:#b5b2b1\"><\/hr>        <h4 style=\"color:#8f8d8d !important; font-size:17px\">Alain Carsoux is a manager in the digital special effects department of the Duboi company.<\/h4>    <\/div>\r\n\r\n\t[\/vc_column][\/vc_row][vc_row css=\u00a0\u00bb.vc_custom_1419946567051{background-color: #393738 !important;}\u00a0\u00bb background_style=\u00a0\u00bbnormal\u00a0\u00bb][vc_column width=\u00a0\u00bb1\/3&Prime;][vc_column_text]<span style=\"color: #b5b2b1;\"><strong>Special effects supervisor<\/strong><\/span><\/p>\n<p><span style=\"color: #b5b2b1;\"><strong>Les Seigneurs<\/strong> (2012)<\/span><br \/>\n<span style=\"color: #b5b2b1;\">by\u00a0Olivier Dahan<\/span><br \/>\n<span style=\"color: #b5b2b1;\"> <strong>Nous York<\/strong> (2012)<\/span><br \/>\n<span style=\"color: #b5b2b1;\">by\u00a0G\u00e9raldine Nakache et Herv\u00e9 Mimran<\/span><br \/>\n<span style=\"color: #b5b2b1;\"> <strong>Un Bonheur n\u2019arrive jamais seul<\/strong> (2012)<\/span><br \/>\n<span style=\"color: #b5b2b1;\">by\u00a0James Huth<\/span><br \/>\n<span style=\"color: #b5b2b1;\"> <strong>The Lady<\/strong> (2011)<\/span><br \/>\n<span style=\"color: #b5b2b1;\">by\u00a0Luc Besson<\/span><br \/>\n<span style=\"color: #b5b2b1;\"> <strong>Les Aventures extraordinaires d\u2019Ad\u00e8le Blanc-sec<\/strong> (2010)<\/span><br \/>\n<span style=\"color: #b5b2b1;\">by\u00a0Luc Besson<\/span><br \/>\n<span style=\"color: #b5b2b1;\"> <strong>Tout ce qui brille<\/strong> (2010)<\/span><br \/>\n<span style=\"color: #b5b2b1;\">by\u00a0G\u00e9raldine Nakache et Herv\u00e9 Mimran<\/span><br \/>\n<span style=\"color: #b5b2b1;\"> <strong>Les Petits mouchoirs<\/strong> (2010)<\/span><br \/>\n<span style=\"color: #b5b2b1;\">by\u00a0Guillaume Canet<\/span><br \/>\n<span style=\"color: #b5b2b1;\"> <strong>Micmacs \u00e0 tire-larigot<\/strong> (2009)<\/span><br \/>\n<span style=\"color: #b5b2b1;\">by\u00a0Jean-Pierre Jeunet<\/span><br \/>\n<span style=\"color: #b5b2b1;\"> <strong>Cyprien<\/strong> (2009)<\/span><br \/>\n<span style=\"color: #b5b2b1;\">by\u00a0David Charhon<\/span><br \/>\n<span style=\"color: #b5b2b1;\"> <strong>Banlieue 13, ultimatum<\/strong> (2009)<\/span><br \/>\n<span style=\"color: #b5b2b1;\">by\u00a0Patrick Alessandrin<\/span><br \/>\n<span style=\"color: #b5b2b1;\"> <strong>Le code a chang\u00e9<\/strong> (2009)<\/span><br \/>\n<span style=\"color: #b5b2b1;\">by\u00a0Dani\u00e8le Thompson<\/span><br \/>\n<span style=\"color: #b5b2b1;\"> <strong>Le premier cercle<\/strong> (2009)<\/span><br \/>\n<span style=\"color: #b5b2b1;\">by\u00a0laurent Tuel<\/span><br \/>\n<span style=\"color: #b5b2b1;\"> <strong>De l\u2019autre c\u00f4t\u00e9 du lit<\/strong> (2008)<\/span><br \/>\n<span style=\"color: #b5b2b1;\">by\u00a0Pascal Pouzadoux<\/span><br \/>\n<span style=\"color: #b5b2b1;\"> <strong>Largo Winch<\/strong> (2008)<\/span><br \/>\n<span style=\"color: #b5b2b1;\">by\u00a0J\u00e9r\u00f4me Salle<\/span><br \/>\n<span style=\"color: #b5b2b1;\"> <strong>Agathe Cl\u00e9ry<\/strong> (2008)<\/span><br \/>\n<span style=\"color: #b5b2b1;\">by\u00a0Etienne Chatiliez<\/span><br \/>\n<span style=\"color: #b5b2b1;\"> <strong>Pour elle<\/strong> (2008)<\/span><br \/>\n<span style=\"color: #b5b2b1;\">by\u00a0Fred Cavay\u00e9<\/span><br \/>\n<span style=\"color: #b5b2b1;\"> <strong>Mesrine : l\u2019ennemi public n\u00b01<\/strong> (2008)<\/span><br \/>\n<span style=\"color: #b5b2b1;\">by\u00a0Jean-Fran\u00e7ois Richet<\/span><br \/>\n<span style=\"color: #b5b2b1;\"> <strong>Parlez-moi de la pluie<\/strong> (2008)<\/span><br \/>\n<span style=\"color: #b5b2b1;\">by\u00a0Agn\u00e8s Jaoui<\/span>[\/vc_column_text][\/vc_column][vc_column width=\u00a0\u00bb1\/3&Prime;][vc_column_text]<span style=\"color: #b5b2b1;\"><strong>Mesrine : l\u2019instinct de mort<\/strong> (2008)<\/span><br \/>\n<span style=\"color: #b5b2b1;\">by\u00a0Jean-Fran\u00e7ois Richet<\/span><br \/>\n<span style=\"color: #b5b2b1;\"><strong>Sans arme, ni haine, ni violence<\/strong> (2008)<\/span><br \/>\n<span style=\"color: #b5b2b1;\">by\u00a0Jean-Paul Rouve<\/span><br \/>\n<span style=\"color: #b5b2b1;\"><strong>Disco<\/strong> (2008)<\/span><br \/>\n<span style=\"color: #b5b2b1;\">by\u00a0Fabien Onteniente<\/span><br \/>\n<span style=\"color: #b5b2b1;\"><strong>Ast\u00e9rix aux jeux olympiques<\/strong> (2008)<\/span><br \/>\n<span style=\"color: #b5b2b1;\">by\u00a0Thomas Langmann<\/span><br \/>\n<span style=\"color: #b5b2b1;\"><strong>L\u2019auberge rouge<\/strong> (2007)<\/span><br \/>\n<span style=\"color: #b5b2b1;\">by\u00a0G\u00e9rard Krawczyk<\/span><br \/>\n<span style=\"color: #b5b2b1;\"><strong>Le deuxi\u00e8me souffle<\/strong> (2007)<\/span><br \/>\n<span style=\"color: #b5b2b1;\">by\u00a0Alain Corneau<\/span><br \/>\n<span style=\"color: #b5b2b1;\"><strong>J\u2019ai toujours r\u00eav\u00e9 d\u2019\u00eatre un gangster<\/strong> (2007)<\/span><br \/>\n<span style=\"color: #b5b2b1;\">by\u00a0Samuel Benchetrit<\/span><br \/>\n<span style=\"color: #b5b2b1;\"><strong>Actrices<\/strong> (2007)<\/span><br \/>\n<span style=\"color: #b5b2b1;\">by\u00a0Valeria Bruni Tedeschi<\/span><br \/>\n<span style=\"color: #b5b2b1;\"><strong>Goodbye Bafana<\/strong> (2007)<\/span><br \/>\n<span style=\"color: #b5b2b1;\">by\u00a0Bille August<\/span><br \/>\n<span style=\"color: #b5b2b1;\"><strong>The Fall<\/strong> (2006)<\/span><br \/>\n<span style=\"color: #b5b2b1;\">by\u00a0Tarsem Singh<\/span><br \/>\n<span style=\"color: #b5b2b1;\"><strong>Anthony Zimmer<\/strong> (2005)<\/span><br \/>\n<span style=\"color: #b5b2b1;\">by\u00a0J\u00e9r\u00f4me Salle<\/span><br \/>\n<span style=\"color: #b5b2b1;\"><strong>Un long dimanche de fian\u00e7ailles<\/strong> (2004)<\/span><br \/>\n<span style=\"color: #b5b2b1;\">by\u00a0Jean-Pierre Jeunet<\/span><br \/>\n<span style=\"color: #b5b2b1;\"><strong>Le fabuleux destin d\u2019Am\u00e9lie Poulain<\/strong> (2001)<\/span><br \/>\n<span style=\"color: #b5b2b1;\">by\u00a0Jean-Pierre Jeunet<\/span><br \/>\n<span style=\"color: #b5b2b1;\"><strong>Belph\u00e9gor, le fant\u00f4me du Louvre<\/strong> (2001)<\/span><br \/>\n<span style=\"color: #b5b2b1;\">by\u00a0Jean-Paul Salom\u00e9<\/span><br \/>\n<span style=\"color: #b5b2b1;\"><strong>La veuve de Saint-Pierre<\/strong> (2000)<\/span><br \/>\n<span style=\"color: #b5b2b1;\">by\u00a0Patrice Laconte<\/span><br \/>\n<span style=\"color: #b5b2b1;\"><strong>La fille sur le pont<\/strong> (1999)<\/span><br \/>\n<span style=\"color: #b5b2b1;\">by\u00a0Patrice Leconte<\/span><br \/>\n<span style=\"color: #b5b2b1;\"><strong>Ast\u00e9rix et Ob\u00e9lix contre C\u00e9sar<\/strong> (1999)<\/span><br \/>\n<span style=\"color: #b5b2b1;\">by\u00a0Claude Zidi<\/span><br \/>\n<span style=\"color: #b5b2b1;\"><strong>Alien : resurrection<\/strong> (1997)<\/span><br \/>\n<span style=\"color: #b5b2b1;\">by\u00a0Jean-Pierre Jeunet<\/span><br \/>\n<span style=\"color: #b5b2b1;\"><strong>La cit\u00e9 des enfants perdus<\/strong> (1995)<\/span><br \/>\n<span style=\"color: #b5b2b1;\">by\u00a0Jean-Pierre Jeunet<\/span>[\/vc_column_text][\/vc_column][vc_column width=\u00a0\u00bb1\/3&Prime;][vc_widget_sidebar sidebar_id=\u00a0\u00bbsidebar\u00a0\u00bb][\/vc_column][\/vc_row]<\/p>\n<\/div>","protected":false},"excerpt":{"rendered":"<p>[vc_row][vc_column][vc_single_image image=\u00a0\u00bb1079&Prime; img_size=\u00a0\u00bbfull\u00a0\u00bb][\/vc_column][\/vc_row][vc_row css=\u00a0\u00bb.vc_custom_1419947172005{padding-top: 30px !important;padding-bottom: 40px !important;background-color: #393738 !important;}\u00a0\u00bb background_style=\u00a0\u00bbnormal\u00a0\u00bb][vc_column][\/vc_column][\/vc_row][vc_row css=\u00a0\u00bb.vc_custom_1419946567051{background-color: #393738 !important;}\u00a0\u00bb background_style=\u00a0\u00bbnormal\u00a0\u00bb][vc_column width=\u00a0\u00bb1\/3&Prime;][vc_column_text]Special effects supervisor Les Seigneurs (2012) by\u00a0Olivier Dahan Nous York (2012) by\u00a0G\u00e9raldine Nakache et Herv\u00e9 Mimran Un Bonheur n\u2019arrive jamais seul (2012) by\u00a0James Huth The Lady (2011) by\u00a0Luc Besson Les Aventures extraordinaires d\u2019Ad\u00e8le Blanc-sec (2010) by\u00a0Luc Besson Tout ce qui [&hellip;]<\/p>\n","protected":false},"author":1,"featured_media":0,"parent":600,"menu_order":0,"comment_status":"open","ping_status":"open","template":"page-full.php","meta":{"footnotes":"","_links_to":"","_links_to_target":""},"class_list":["post-702","page","type-page","status-publish","hentry"],"yoast_head":"<!-- This site is optimized with the Yoast SEO plugin v25.2 - https:\/\/yoast.com\/wordpress\/plugins\/seo\/ -->\n<title>Alain Carsoux - Jean-Pierre Jeunet<\/title>\n<meta name=\"robots\" content=\"index, follow, max-snippet:-1, max-image-preview:large, max-video-preview:-1\" \/>\n<link rel=\"canonical\" href=\"https:\/\/www.jpjeunet.com\/GB\/team\/alain-carsoux\/\" \/>\n<meta property=\"og:locale\" content=\"fr_FR\" \/>\n<meta property=\"og:type\" content=\"article\" \/>\n<meta property=\"og:title\" content=\"Alain Carsoux - Jean-Pierre Jeunet\" \/>\n<meta property=\"og:description\" content=\"[vc_row][vc_column][vc_single_image image=\u00a0\u00bb1079&Prime; img_size=\u00a0\u00bbfull\u00a0\u00bb][\/vc_column][\/vc_row][vc_row css=\u00a0\u00bb.vc_custom_1419947172005{padding-top: 30px !important;padding-bottom: 40px !important;background-color: #393738 !important;}\u00a0\u00bb background_style=\u00a0\u00bbnormal\u00a0\u00bb][vc_column][\/vc_column][\/vc_row][vc_row css=\u00a0\u00bb.vc_custom_1419946567051{background-color: #393738 !important;}\u00a0\u00bb background_style=\u00a0\u00bbnormal\u00a0\u00bb][vc_column width=\u00a0\u00bb1\/3&Prime;][vc_column_text]Special effects supervisor Les Seigneurs (2012) by\u00a0Olivier Dahan Nous York (2012) by\u00a0G\u00e9raldine Nakache et Herv\u00e9 Mimran Un Bonheur n\u2019arrive jamais seul (2012) by\u00a0James Huth The Lady (2011) by\u00a0Luc Besson Les Aventures extraordinaires d\u2019Ad\u00e8le Blanc-sec (2010) by\u00a0Luc Besson Tout ce qui [&hellip;]\" \/>\n<meta property=\"og:url\" content=\"https:\/\/www.jpjeunet.com\/GB\/team\/alain-carsoux\/\" \/>\n<meta property=\"og:site_name\" content=\"Jean-Pierre Jeunet\" \/>\n<meta property=\"article:modified_time\" content=\"2021-05-12T12:01:35+00:00\" \/>\n<meta name=\"twitter:label1\" content=\"Dur\u00e9e de lecture estim\u00e9e\" \/>\n\t<meta name=\"twitter:data1\" content=\"2 minutes\" \/>\n<script type=\"application\/ld+json\" class=\"yoast-schema-graph\">{\"@context\":\"https:\/\/schema.org\",\"@graph\":[{\"@type\":\"WebPage\",\"@id\":\"https:\/\/www.jpjeunet.com\/GB\/team\/alain-carsoux\/\",\"url\":\"https:\/\/www.jpjeunet.com\/GB\/team\/alain-carsoux\/\",\"name\":\"Alain Carsoux - Jean-Pierre Jeunet\",\"isPartOf\":{\"@id\":\"https:\/\/www.jpjeunet.com\/GB\/#website\"},\"datePublished\":\"2014-12-27T17:40:19+00:00\",\"dateModified\":\"2021-05-12T12:01:35+00:00\",\"breadcrumb\":{\"@id\":\"https:\/\/www.jpjeunet.com\/GB\/team\/alain-carsoux\/#breadcrumb\"},\"inLanguage\":\"fr-FR\",\"potentialAction\":[{\"@type\":\"ReadAction\",\"target\":[\"https:\/\/www.jpjeunet.com\/GB\/team\/alain-carsoux\/\"]}]},{\"@type\":\"BreadcrumbList\",\"@id\":\"https:\/\/www.jpjeunet.com\/GB\/team\/alain-carsoux\/#breadcrumb\",\"itemListElement\":[{\"@type\":\"ListItem\",\"position\":1,\"name\":\"Accueil\",\"item\":\"https:\/\/www.jpjeunet.com\/GB\/\"},{\"@type\":\"ListItem\",\"position\":2,\"name\":\"Team\",\"item\":\"http:\/\/www.jpjeunet.com\/GB\/team\/vincent-arnardi\/\"},{\"@type\":\"ListItem\",\"position\":3,\"name\":\"Alain Carsoux\"}]},{\"@type\":\"WebSite\",\"@id\":\"https:\/\/www.jpjeunet.com\/GB\/#website\",\"url\":\"https:\/\/www.jpjeunet.com\/GB\/\",\"name\":\"Jean-Pierre Jeunet\",\"description\":\"Official website\",\"potentialAction\":[{\"@type\":\"SearchAction\",\"target\":{\"@type\":\"EntryPoint\",\"urlTemplate\":\"https:\/\/www.jpjeunet.com\/GB\/?s={search_term_string}\"},\"query-input\":{\"@type\":\"PropertyValueSpecification\",\"valueRequired\":true,\"valueName\":\"search_term_string\"}}],\"inLanguage\":\"fr-FR\"}]}<\/script>\n<!-- \/ Yoast SEO plugin. -->","yoast_head_json":{"title":"Alain Carsoux - Jean-Pierre Jeunet","robots":{"index":"index","follow":"follow","max-snippet":"max-snippet:-1","max-image-preview":"max-image-preview:large","max-video-preview":"max-video-preview:-1"},"canonical":"https:\/\/www.jpjeunet.com\/GB\/team\/alain-carsoux\/","og_locale":"fr_FR","og_type":"article","og_title":"Alain Carsoux - Jean-Pierre Jeunet","og_description":"[vc_row][vc_column][vc_single_image image=\u00a0\u00bb1079&Prime; img_size=\u00a0\u00bbfull\u00a0\u00bb][\/vc_column][\/vc_row][vc_row css=\u00a0\u00bb.vc_custom_1419947172005{padding-top: 30px !important;padding-bottom: 40px !important;background-color: #393738 !important;}\u00a0\u00bb background_style=\u00a0\u00bbnormal\u00a0\u00bb][vc_column][\/vc_column][\/vc_row][vc_row css=\u00a0\u00bb.vc_custom_1419946567051{background-color: #393738 !important;}\u00a0\u00bb background_style=\u00a0\u00bbnormal\u00a0\u00bb][vc_column width=\u00a0\u00bb1\/3&Prime;][vc_column_text]Special effects supervisor Les Seigneurs (2012) by\u00a0Olivier Dahan Nous York (2012) by\u00a0G\u00e9raldine Nakache et Herv\u00e9 Mimran Un Bonheur n\u2019arrive jamais seul (2012) by\u00a0James Huth The Lady (2011) by\u00a0Luc Besson Les Aventures extraordinaires d\u2019Ad\u00e8le Blanc-sec (2010) by\u00a0Luc Besson Tout ce qui [&hellip;]","og_url":"https:\/\/www.jpjeunet.com\/GB\/team\/alain-carsoux\/","og_site_name":"Jean-Pierre Jeunet","article_modified_time":"2021-05-12T12:01:35+00:00","twitter_misc":{"Dur\u00e9e de lecture estim\u00e9e":"2 minutes"},"schema":{"@context":"https:\/\/schema.org","@graph":[{"@type":"WebPage","@id":"https:\/\/www.jpjeunet.com\/GB\/team\/alain-carsoux\/","url":"https:\/\/www.jpjeunet.com\/GB\/team\/alain-carsoux\/","name":"Alain Carsoux - Jean-Pierre Jeunet","isPartOf":{"@id":"https:\/\/www.jpjeunet.com\/GB\/#website"},"datePublished":"2014-12-27T17:40:19+00:00","dateModified":"2021-05-12T12:01:35+00:00","breadcrumb":{"@id":"https:\/\/www.jpjeunet.com\/GB\/team\/alain-carsoux\/#breadcrumb"},"inLanguage":"fr-FR","potentialAction":[{"@type":"ReadAction","target":["https:\/\/www.jpjeunet.com\/GB\/team\/alain-carsoux\/"]}]},{"@type":"BreadcrumbList","@id":"https:\/\/www.jpjeunet.com\/GB\/team\/alain-carsoux\/#breadcrumb","itemListElement":[{"@type":"ListItem","position":1,"name":"Accueil","item":"https:\/\/www.jpjeunet.com\/GB\/"},{"@type":"ListItem","position":2,"name":"Team","item":"http:\/\/www.jpjeunet.com\/GB\/team\/vincent-arnardi\/"},{"@type":"ListItem","position":3,"name":"Alain Carsoux"}]},{"@type":"WebSite","@id":"https:\/\/www.jpjeunet.com\/GB\/#website","url":"https:\/\/www.jpjeunet.com\/GB\/","name":"Jean-Pierre Jeunet","description":"Official website","potentialAction":[{"@type":"SearchAction","target":{"@type":"EntryPoint","urlTemplate":"https:\/\/www.jpjeunet.com\/GB\/?s={search_term_string}"},"query-input":{"@type":"PropertyValueSpecification","valueRequired":true,"valueName":"search_term_string"}}],"inLanguage":"fr-FR"}]}},"_links":{"self":[{"href":"https:\/\/www.jpjeunet.com\/GB\/wp-json\/wp\/v2\/pages\/702","targetHints":{"allow":["GET"]}}],"collection":[{"href":"https:\/\/www.jpjeunet.com\/GB\/wp-json\/wp\/v2\/pages"}],"about":[{"href":"https:\/\/www.jpjeunet.com\/GB\/wp-json\/wp\/v2\/types\/page"}],"author":[{"embeddable":true,"href":"https:\/\/www.jpjeunet.com\/GB\/wp-json\/wp\/v2\/users\/1"}],"replies":[{"embeddable":true,"href":"https:\/\/www.jpjeunet.com\/GB\/wp-json\/wp\/v2\/comments?post=702"}],"version-history":[{"count":6,"href":"https:\/\/www.jpjeunet.com\/GB\/wp-json\/wp\/v2\/pages\/702\/revisions"}],"predecessor-version":[{"id":1579,"href":"https:\/\/www.jpjeunet.com\/GB\/wp-json\/wp\/v2\/pages\/702\/revisions\/1579"}],"up":[{"embeddable":true,"href":"https:\/\/www.jpjeunet.com\/GB\/wp-json\/wp\/v2\/pages\/600"}],"wp:attachment":[{"href":"https:\/\/www.jpjeunet.com\/GB\/wp-json\/wp\/v2\/media?parent=702"}],"curies":[{"name":"wp","href":"https:\/\/api.w.org\/{rel}","templated":true}]}}