{"id":718,"date":"2014-12-27T18:43:26","date_gmt":"2014-12-27T17:43:26","guid":{"rendered":"http:\/\/www.jpjeunet.com\/?page_id=718"},"modified":"2021-05-12T13:05:13","modified_gmt":"2021-05-12T12:05:13","slug":"jean-umansky","status":"publish","type":"page","link":"https:\/\/www.jpjeunet.com\/GB\/team\/jean-umansky\/","title":{"rendered":"Jean Umansky"},"content":{"rendered":"<div class=\"wpb-content-wrapper\"><p>[vc_row][vc_column][vc_single_image image=\u00a0\u00bb1091&Prime; img_size=\u00a0\u00bbfull\u00a0\u00bb][\/vc_column][\/vc_row][vc_row css=\u00a0\u00bb.vc_custom_1419947172005{padding-top: 30px !important;padding-bottom: 40px !important;background-color: #393738 !important;}\u00a0\u00bb background_style=\u00a0\u00bbnormal\u00a0\u00bb][vc_column]    \r\n    <div class=\"title_subtitle\" style=\"text-align:center\">\r\n        <h3 style=\"color:#b5b2b1 !important; font-size:36px\">Jean Umansky<\/h3>\r\n        <hr class=\"title_subtitle_separator\" style=\"border-bottom-color:#b5b2b1\"><\/hr>        <h4 style=\"color:#8f8d8d !important; font-size:17px\">Sound engineer<\/h4>    <\/div>\r\n\r\n\t[\/vc_column][\/vc_row][vc_row css=\u00a0\u00bb.vc_custom_1419946567051{background-color: #393738 !important;}\u00a0\u00bb background_style=\u00a0\u00bbnormal\u00a0\u00bb][vc_column width=\u00a0\u00bb1\/3&Prime;][vc_column_text]<\/p>\n<p class=\"p1\"><span style=\"color: #b5b2b1;\"><b>Micmacs \u00e0 tire-larigot <\/b>(2009)<\/span><br \/>\n<span style=\"color: #b5b2b1;\">by\u00a0Jean-Pierre Jeunet<\/span><br \/>\n<span style=\"color: #b5b2b1;\"> <b>Agathe Cl\u00e9ry <\/b>(2008)<\/span><br \/>\n<span style=\"color: #b5b2b1;\">by\u00a0Etienne Chatiliez<\/span><br \/>\n<span style=\"color: #b5b2b1;\"> <b>Le prix \u00e0 payer <\/b>(2007)<\/span><br \/>\n<span style=\"color: #b5b2b1;\">by\u00a0Alexandra Lecl\u00e8re<\/span><br \/>\n<span style=\"color: #b5b2b1;\"> <b>Qui de nous deux<\/b> (2006)<\/span><br \/>\n<span style=\"color: #b5b2b1;\">by\u00a0Charles Belmont<\/span><br \/>\n<span style=\"color: #b5b2b1;\"> <b>Les aiguilles rouges <\/b>(2006)<\/span><br \/>\n<span style=\"color: #b5b2b1;\">by\u00a0Jean-Fran\u00e7ois Davy<\/span><\/p>\n<p>[\/vc_column_text][\/vc_column][vc_column width=\u00a0\u00bb1\/3&Prime;][vc_column_text]<\/p>\n<p class=\"p1\"><span style=\"color: #b5b2b1;\"><b>Les s\u0153urs f\u00e2ch\u00e9es <\/b>(2004)<\/span><br \/>\n<span style=\"color: #b5b2b1;\">by\u00a0Alexandra Lecl\u00e8re<\/span><br \/>\n<span style=\"color: #b5b2b1;\"> <b>Un long dimanche de fian\u00e7ailles <\/b>(2004)<\/span><br \/>\n<span style=\"color: #b5b2b1;\">by\u00a0Jean-Pierre Jeunet<\/span><br \/>\n<span style=\"color: #b5b2b1;\"> <b>Le fabuleux destin d\u2019Am\u00e9lie Poulain <\/b>(2001)<\/span><br \/>\n<span style=\"color: #b5b2b1;\">by\u00a0Jean-Pierre Jeunet<\/span><br \/>\n<span style=\"color: #b5b2b1;\"> <b>Sur les talus<\/b> (1986)<\/span><br \/>\n<span style=\"color: #b5b2b1;\">by\u00a0Laurence Ferreira Barbosa<\/span><br \/>\n<span style=\"color: #b5b2b1;\"> <b>Boy meets girl<\/b> (1984)<\/span><br \/>\n<span style=\"color: #b5b2b1;\">by\u00a0Leos Carax<\/span><\/p>\n<p>[\/vc_column_text][\/vc_column][vc_column width=\u00a0\u00bb1\/3&Prime;][vc_widget_sidebar sidebar_id=\u00a0\u00bbsidebar\u00a0\u00bb][\/vc_column][\/vc_row]<\/p>\n<\/div>","protected":false},"excerpt":{"rendered":"<p>[vc_row][vc_column][vc_single_image image=\u00a0\u00bb1091&Prime; img_size=\u00a0\u00bbfull\u00a0\u00bb][\/vc_column][\/vc_row][vc_row css=\u00a0\u00bb.vc_custom_1419947172005{padding-top: 30px !important;padding-bottom: 40px !important;background-color: #393738 !important;}\u00a0\u00bb background_style=\u00a0\u00bbnormal\u00a0\u00bb][vc_column][\/vc_column][\/vc_row][vc_row css=\u00a0\u00bb.vc_custom_1419946567051{background-color: #393738 !important;}\u00a0\u00bb background_style=\u00a0\u00bbnormal\u00a0\u00bb][vc_column width=\u00a0\u00bb1\/3&Prime;][vc_column_text] Micmacs \u00e0 tire-larigot (2009) by\u00a0Jean-Pierre Jeunet Agathe Cl\u00e9ry (2008) by\u00a0Etienne Chatiliez Le prix \u00e0 payer (2007) by\u00a0Alexandra Lecl\u00e8re Qui de nous deux (2006) by\u00a0Charles Belmont Les aiguilles rouges (2006) by\u00a0Jean-Fran\u00e7ois Davy [\/vc_column_text][\/vc_column][vc_column width=\u00a0\u00bb1\/3&Prime;][vc_column_text] Les s\u0153urs f\u00e2ch\u00e9es (2004) by\u00a0Alexandra Lecl\u00e8re [&hellip;]<\/p>\n","protected":false},"author":1,"featured_media":0,"parent":600,"menu_order":0,"comment_status":"open","ping_status":"open","template":"page-full.php","meta":{"footnotes":"","_links_to":"","_links_to_target":""},"class_list":["post-718","page","type-page","status-publish","hentry"],"yoast_head":"<!-- This site is optimized with the Yoast SEO plugin v25.2 - https:\/\/yoast.com\/wordpress\/plugins\/seo\/ -->\n<title>Jean Umansky - Jean-Pierre Jeunet<\/title>\n<meta name=\"robots\" content=\"index, follow, max-snippet:-1, max-image-preview:large, max-video-preview:-1\" \/>\n<link rel=\"canonical\" href=\"https:\/\/www.jpjeunet.com\/GB\/team\/jean-umansky\/\" \/>\n<meta property=\"og:locale\" content=\"fr_FR\" \/>\n<meta property=\"og:type\" content=\"article\" \/>\n<meta property=\"og:title\" content=\"Jean Umansky - Jean-Pierre Jeunet\" \/>\n<meta property=\"og:description\" content=\"[vc_row][vc_column][vc_single_image image=\u00a0\u00bb1091&Prime; img_size=\u00a0\u00bbfull\u00a0\u00bb][\/vc_column][\/vc_row][vc_row css=\u00a0\u00bb.vc_custom_1419947172005{padding-top: 30px !important;padding-bottom: 40px !important;background-color: #393738 !important;}\u00a0\u00bb background_style=\u00a0\u00bbnormal\u00a0\u00bb][vc_column][\/vc_column][\/vc_row][vc_row css=\u00a0\u00bb.vc_custom_1419946567051{background-color: #393738 !important;}\u00a0\u00bb background_style=\u00a0\u00bbnormal\u00a0\u00bb][vc_column width=\u00a0\u00bb1\/3&Prime;][vc_column_text] Micmacs \u00e0 tire-larigot (2009) by\u00a0Jean-Pierre Jeunet Agathe Cl\u00e9ry (2008) by\u00a0Etienne Chatiliez Le prix \u00e0 payer (2007) by\u00a0Alexandra Lecl\u00e8re Qui de nous deux (2006) by\u00a0Charles Belmont Les aiguilles rouges (2006) by\u00a0Jean-Fran\u00e7ois Davy [\/vc_column_text][\/vc_column][vc_column width=\u00a0\u00bb1\/3&Prime;][vc_column_text] Les s\u0153urs f\u00e2ch\u00e9es (2004) by\u00a0Alexandra Lecl\u00e8re [&hellip;]\" \/>\n<meta property=\"og:url\" content=\"https:\/\/www.jpjeunet.com\/GB\/team\/jean-umansky\/\" \/>\n<meta property=\"og:site_name\" content=\"Jean-Pierre Jeunet\" \/>\n<meta property=\"article:modified_time\" content=\"2021-05-12T12:05:13+00:00\" \/>\n<meta name=\"twitter:label1\" content=\"Dur\u00e9e de lecture estim\u00e9e\" \/>\n\t<meta name=\"twitter:data1\" content=\"1 minute\" \/>\n<script type=\"application\/ld+json\" class=\"yoast-schema-graph\">{\"@context\":\"https:\/\/schema.org\",\"@graph\":[{\"@type\":\"WebPage\",\"@id\":\"https:\/\/www.jpjeunet.com\/GB\/team\/jean-umansky\/\",\"url\":\"https:\/\/www.jpjeunet.com\/GB\/team\/jean-umansky\/\",\"name\":\"Jean Umansky - Jean-Pierre Jeunet\",\"isPartOf\":{\"@id\":\"https:\/\/www.jpjeunet.com\/GB\/#website\"},\"datePublished\":\"2014-12-27T17:43:26+00:00\",\"dateModified\":\"2021-05-12T12:05:13+00:00\",\"breadcrumb\":{\"@id\":\"https:\/\/www.jpjeunet.com\/GB\/team\/jean-umansky\/#breadcrumb\"},\"inLanguage\":\"fr-FR\",\"potentialAction\":[{\"@type\":\"ReadAction\",\"target\":[\"https:\/\/www.jpjeunet.com\/GB\/team\/jean-umansky\/\"]}]},{\"@type\":\"BreadcrumbList\",\"@id\":\"https:\/\/www.jpjeunet.com\/GB\/team\/jean-umansky\/#breadcrumb\",\"itemListElement\":[{\"@type\":\"ListItem\",\"position\":1,\"name\":\"Accueil\",\"item\":\"https:\/\/www.jpjeunet.com\/GB\/\"},{\"@type\":\"ListItem\",\"position\":2,\"name\":\"Team\",\"item\":\"http:\/\/www.jpjeunet.com\/GB\/team\/vincent-arnardi\/\"},{\"@type\":\"ListItem\",\"position\":3,\"name\":\"Jean Umansky\"}]},{\"@type\":\"WebSite\",\"@id\":\"https:\/\/www.jpjeunet.com\/GB\/#website\",\"url\":\"https:\/\/www.jpjeunet.com\/GB\/\",\"name\":\"Jean-Pierre Jeunet\",\"description\":\"Official website\",\"potentialAction\":[{\"@type\":\"SearchAction\",\"target\":{\"@type\":\"EntryPoint\",\"urlTemplate\":\"https:\/\/www.jpjeunet.com\/GB\/?s={search_term_string}\"},\"query-input\":{\"@type\":\"PropertyValueSpecification\",\"valueRequired\":true,\"valueName\":\"search_term_string\"}}],\"inLanguage\":\"fr-FR\"}]}<\/script>\n<!-- \/ Yoast SEO plugin. -->","yoast_head_json":{"title":"Jean Umansky - Jean-Pierre Jeunet","robots":{"index":"index","follow":"follow","max-snippet":"max-snippet:-1","max-image-preview":"max-image-preview:large","max-video-preview":"max-video-preview:-1"},"canonical":"https:\/\/www.jpjeunet.com\/GB\/team\/jean-umansky\/","og_locale":"fr_FR","og_type":"article","og_title":"Jean Umansky - Jean-Pierre Jeunet","og_description":"[vc_row][vc_column][vc_single_image image=\u00a0\u00bb1091&Prime; img_size=\u00a0\u00bbfull\u00a0\u00bb][\/vc_column][\/vc_row][vc_row css=\u00a0\u00bb.vc_custom_1419947172005{padding-top: 30px !important;padding-bottom: 40px !important;background-color: #393738 !important;}\u00a0\u00bb background_style=\u00a0\u00bbnormal\u00a0\u00bb][vc_column][\/vc_column][\/vc_row][vc_row css=\u00a0\u00bb.vc_custom_1419946567051{background-color: #393738 !important;}\u00a0\u00bb background_style=\u00a0\u00bbnormal\u00a0\u00bb][vc_column width=\u00a0\u00bb1\/3&Prime;][vc_column_text] Micmacs \u00e0 tire-larigot (2009) by\u00a0Jean-Pierre Jeunet Agathe Cl\u00e9ry (2008) by\u00a0Etienne Chatiliez Le prix \u00e0 payer (2007) by\u00a0Alexandra Lecl\u00e8re Qui de nous deux (2006) by\u00a0Charles Belmont Les aiguilles rouges (2006) by\u00a0Jean-Fran\u00e7ois Davy [\/vc_column_text][\/vc_column][vc_column width=\u00a0\u00bb1\/3&Prime;][vc_column_text] Les s\u0153urs f\u00e2ch\u00e9es (2004) by\u00a0Alexandra Lecl\u00e8re [&hellip;]","og_url":"https:\/\/www.jpjeunet.com\/GB\/team\/jean-umansky\/","og_site_name":"Jean-Pierre Jeunet","article_modified_time":"2021-05-12T12:05:13+00:00","twitter_misc":{"Dur\u00e9e de lecture estim\u00e9e":"1 minute"},"schema":{"@context":"https:\/\/schema.org","@graph":[{"@type":"WebPage","@id":"https:\/\/www.jpjeunet.com\/GB\/team\/jean-umansky\/","url":"https:\/\/www.jpjeunet.com\/GB\/team\/jean-umansky\/","name":"Jean Umansky - Jean-Pierre Jeunet","isPartOf":{"@id":"https:\/\/www.jpjeunet.com\/GB\/#website"},"datePublished":"2014-12-27T17:43:26+00:00","dateModified":"2021-05-12T12:05:13+00:00","breadcrumb":{"@id":"https:\/\/www.jpjeunet.com\/GB\/team\/jean-umansky\/#breadcrumb"},"inLanguage":"fr-FR","potentialAction":[{"@type":"ReadAction","target":["https:\/\/www.jpjeunet.com\/GB\/team\/jean-umansky\/"]}]},{"@type":"BreadcrumbList","@id":"https:\/\/www.jpjeunet.com\/GB\/team\/jean-umansky\/#breadcrumb","itemListElement":[{"@type":"ListItem","position":1,"name":"Accueil","item":"https:\/\/www.jpjeunet.com\/GB\/"},{"@type":"ListItem","position":2,"name":"Team","item":"http:\/\/www.jpjeunet.com\/GB\/team\/vincent-arnardi\/"},{"@type":"ListItem","position":3,"name":"Jean Umansky"}]},{"@type":"WebSite","@id":"https:\/\/www.jpjeunet.com\/GB\/#website","url":"https:\/\/www.jpjeunet.com\/GB\/","name":"Jean-Pierre Jeunet","description":"Official website","potentialAction":[{"@type":"SearchAction","target":{"@type":"EntryPoint","urlTemplate":"https:\/\/www.jpjeunet.com\/GB\/?s={search_term_string}"},"query-input":{"@type":"PropertyValueSpecification","valueRequired":true,"valueName":"search_term_string"}}],"inLanguage":"fr-FR"}]}},"_links":{"self":[{"href":"https:\/\/www.jpjeunet.com\/GB\/wp-json\/wp\/v2\/pages\/718","targetHints":{"allow":["GET"]}}],"collection":[{"href":"https:\/\/www.jpjeunet.com\/GB\/wp-json\/wp\/v2\/pages"}],"about":[{"href":"https:\/\/www.jpjeunet.com\/GB\/wp-json\/wp\/v2\/types\/page"}],"author":[{"embeddable":true,"href":"https:\/\/www.jpjeunet.com\/GB\/wp-json\/wp\/v2\/users\/1"}],"replies":[{"embeddable":true,"href":"https:\/\/www.jpjeunet.com\/GB\/wp-json\/wp\/v2\/comments?post=718"}],"version-history":[{"count":6,"href":"https:\/\/www.jpjeunet.com\/GB\/wp-json\/wp\/v2\/pages\/718\/revisions"}],"predecessor-version":[{"id":1585,"href":"https:\/\/www.jpjeunet.com\/GB\/wp-json\/wp\/v2\/pages\/718\/revisions\/1585"}],"up":[{"embeddable":true,"href":"https:\/\/www.jpjeunet.com\/GB\/wp-json\/wp\/v2\/pages\/600"}],"wp:attachment":[{"href":"https:\/\/www.jpjeunet.com\/GB\/wp-json\/wp\/v2\/media?parent=718"}],"curies":[{"name":"wp","href":"https:\/\/api.w.org\/{rel}","templated":true}]}}